{"id":7,"date":"2026-03-06T11:23:06","date_gmt":"2026-03-06T11:23:06","guid":{"rendered":"https:\/\/www.art-literie.fr\/?page_id=7"},"modified":"2026-03-27T16:12:51","modified_gmt":"2026-03-27T16:12:51","slug":"home","status":"publish","type":"page","link":"https:\/\/www.art-literie.fr\/","title":{"rendered":"Home"},"content":{"rendered":"\n<div class=\"wp-block-cover alignfull\" style=\"margin-top:0;margin-bottom:0;padding-top:var(--wp--preset--spacing--80);padding-bottom:var(--wp--preset--spacing--80);min-height:626px;aspect-ratio:unset;\"><span aria-hidden=\"true\" class=\"wp-block-cover__background has-background-dim-100 has-background-dim has-background-gradient\" style=\"background:linear-gradient(135deg,rgb(64,250,250) 0%,rgb(182,227,212) 62%,rgb(0,227,253) 100%)\"><\/span><div class=\"wp-block-cover__inner-container is-layout-flow wp-block-cover-is-layout-flow\">\n<h1 class=\"wp-block-heading has-text-align-left has-ast-global-color-2-color has-text-color has-large-font-size\" style=\"margin-top:var(--wp--preset--spacing--70);margin-bottom:var(--wp--preset--spacing--70)\">Sp\u00e9cialiste du sommeil et de la literie de qualit\u00e9.<\/h1>\n\n\n\n<div class=\"wp-block-group is-nowrap is-layout-flex wp-container-core-group-is-layout-6c531013 wp-block-group-is-layout-flex\">\n<p class=\"has-white-color has-text-color has-ast-global-color-2-color has-link-color wp-elements-223eada01f72605ee55d9cb9c2e4884e\">Expert en conseil et s\u00e9lection de literie haute performance, Art&rsquo;Literie s&rsquo;affranchit des codes du magasin traditionnel pour offrir une approche sur mesure.       En collaborant avec les meilleurs fabricants de mousse, latex et ressorts, nous filtrons pour vous le march\u00e9 afin de concevoir une solution de sommeil parfaitement adapt\u00e9e \u00e0 votre morphologie et \u00e0 vos exigences de durabilit\u00e9.<\/p>\n<\/div>\n\n\n\n<div class=\"wp-block-buttons is-layout-flex wp-block-buttons-is-layout-flex\">\n<div class=\"wp-block-button\"><a class=\"wp-block-button__link wp-element-button\" href=\"https:\/\/tally.so\/r\/wd5djd\"><font dir=\"auto\" style=\"vertical-align: inherit;\"><font dir=\"auto\" style=\"vertical-align: inherit;\"><font dir=\"auto\" style=\"vertical-align: inherit;\"><font dir=\"auto\" style=\"vertical-align: inherit;\"><font dir=\"auto\" style=\"vertical-align: inherit;\"><font dir=\"auto\" style=\"vertical-align: inherit;\"><font dir=\"auto\" style=\"vertical-align: inherit;\"><font dir=\"auto\" style=\"vertical-align: inherit;\">DIGANOSTI<\/font><\/font><\/font><\/font><\/font><\/font><font dir=\"auto\" style=\"vertical-align: inherit;\"><font dir=\"auto\" style=\"vertical-align: inherit;\">C <\/font><\/font><\/font><\/font><font dir=\"auto\" style=\"vertical-align: inherit;\"><font dir=\"auto\" style=\"vertical-align: inherit;\"><font dir=\"auto\" style=\"vertical-align: inherit;\"><font dir=\"auto\" style=\"vertical-align: inherit;\">LITERIE<\/font><\/font><\/font><\/font><\/a><\/div>\n<\/div>\n\n\n\n<p><em>*Proposition envoy\u00e9e sous 48h <\/em><\/p>\n<\/div><\/div>\n\n\n\n<div class=\"wp-block-group alignfull has-ast-global-color-5-background-color has-background is-layout-constrained wp-container-core-group-is-layout-f9183a53 wp-block-group-is-layout-constrained\" style=\"margin-top:0;margin-bottom:0;padding-bottom:70px;padding-left:var(--wp--preset--spacing--40)\">\n<div class=\"wp-block-columns are-vertically-aligned-top is-layout-flex wp-container-core-columns-is-layout-00723822 wp-block-columns-is-layout-flex\">\n<div class=\"wp-block-column is-vertically-aligned-top is-layout-flow wp-container-core-column-is-layout-6b73ce23 wp-block-column-is-layout-flow\">\n<figure class=\"wp-block-image size-large\"><img decoding=\"async\" src=\"https:\/\/www.art-literie.fr\/wp-content\/themes\/astra\/inc\/assets\/images\/starter-content\/building.svg\" alt=\"\" class=\"wp-image-134\"\/><\/figure>\n\n\n\n<h3 class=\"wp-block-heading has-text-align-left\" style=\"margin-top:16px\">Bastia<\/h3>\n\n\n\n<p class=\"has-text-align-left\">Bas\u00e9 \u00e0 Bastia, nous accompagnons nos clients partout en France avec des solutions pour un sommeil optimal<\/p>\n<\/div>\n\n\n\n<div class=\"wp-block-column is-vertically-aligned-top is-layout-flow wp-container-core-column-is-layout-6b73ce23 wp-block-column-is-layout-flow\">\n<figure class=\"wp-block-image size-large\"><img decoding=\"async\" src=\"https:\/\/www.art-literie.fr\/wp-content\/themes\/astra\/inc\/assets\/images\/starter-content\/shopping-bag.svg\" alt=\"\" class=\"wp-image-135\"\/><\/figure>\n\n\n\n<h3 class=\"wp-block-heading has-text-align-left\" style=\"margin-top:16px\">Livraison maitris\u00e9e<\/h3>\n\n\n\n<p class=\"has-text-align-left\">Une logistique fiable pour une r\u00e9ception rapide, en Corse comme sur le continent<\/p>\n<\/div>\n\n\n\n<div class=\"wp-block-column is-vertically-aligned-top is-layout-flow wp-container-core-column-is-layout-6b73ce23 wp-block-column-is-layout-flow\">\n<figure class=\"wp-block-image size-large\"><img decoding=\"async\" src=\"https:\/\/www.art-literie.fr\/wp-content\/themes\/astra\/inc\/assets\/images\/starter-content\/blog.svg\" alt=\"\" class=\"wp-image-136\"\/><\/figure>\n\n\n\n<h3 class=\"wp-block-heading has-text-align-left\" style=\"margin-top:16px\">Devis sur-mesure<\/h3>\n\n\n\n<p class=\"has-text-align-left\">Matelas, sommiers, accessoires et linges de lit adapt\u00e9s \u00e0 vos besoins et \u00e0 votre confort<\/p>\n<\/div>\n\n\n\n<div class=\"wp-block-column is-vertically-aligned-top is-layout-flow wp-container-core-column-is-layout-6b73ce23 wp-block-column-is-layout-flow\">\n<figure class=\"wp-block-image size-large\"><img decoding=\"async\" src=\"https:\/\/www.art-literie.fr\/wp-content\/themes\/astra\/inc\/assets\/images\/starter-content\/portfolio.svg\" alt=\"\" class=\"wp-image-137\"\/><\/figure>\n\n\n\n<h3 class=\"wp-block-heading has-text-align-left\" style=\"margin-top:16px\">Qualit\u00e9 &amp; Confort Premium<\/h3>\n\n\n\n<p class=\"has-text-align-left\">Des mat\u00e9riaux haut de gamme pour un sommeil durable et r\u00e9parateur<\/p>\n<\/div>\n<\/div>\n<\/div>\n\n\n\n<div class=\"wp-block-group alignfull has-background is-layout-constrained wp-block-group-is-layout-constrained\" id=\"services\" style=\"background-color:#a5e7db;padding-top:70px;padding-bottom:42px\">\n<h2 class=\"wp-block-heading\">Nos produits<\/h2>\n\n\n\n<div class=\"wp-block-columns is-layout-flex wp-container-core-columns-is-layout-60cbf9bb wp-block-columns-is-layout-flex\" style=\"margin-top:50px\">\n<div class=\"wp-block-column is-layout-flow wp-container-core-column-is-layout-6b73ce23 wp-block-column-is-layout-flow\">\n<figure class=\"wp-block-image size-full\"><img loading=\"lazy\" decoding=\"async\" width=\"928\" height=\"1152\" src=\"http:\/\/www.art-literie.fr\/wp-content\/uploads\/2026\/03\/unnamed-2.jpg\" alt=\"\" class=\"wp-image-51\" srcset=\"https:\/\/www.art-literie.fr\/wp-content\/uploads\/2026\/03\/unnamed-2.jpg 928w, https:\/\/www.art-literie.fr\/wp-content\/uploads\/2026\/03\/unnamed-2-242x300.jpg 242w, https:\/\/www.art-literie.fr\/wp-content\/uploads\/2026\/03\/unnamed-2-825x1024.jpg 825w, https:\/\/www.art-literie.fr\/wp-content\/uploads\/2026\/03\/unnamed-2-768x953.jpg 768w\" sizes=\"auto, (max-width: 928px) 100vw, 928px\" \/><\/figure>\n\n\n\n<h3 class=\"wp-block-heading\" style=\"margin-top:16px\">Matelas &amp; sommiers<\/h3>\n\n\n\n<p class=\"has-ast-global-color-8-color has-text-color has-link-color wp-elements-830acbb1d7804c3c23546ef23d007f05\">Une s\u00e9lection experte des meilleures technologies (ressorts, latex, mousse) pour un soutien pr\u00e9cis et une durabilit\u00e9 garantie.<\/p>\n<\/div>\n\n\n\n<div class=\"wp-block-column is-layout-flow wp-container-core-column-is-layout-6b73ce23 wp-block-column-is-layout-flow\">\n<figure class=\"wp-block-image size-full\"><img loading=\"lazy\" decoding=\"async\" width=\"928\" height=\"1152\" src=\"https:\/\/www.art-literie.fr\/wp-content\/uploads\/2026\/03\/unnamed-3.jpg\" alt=\"\" class=\"wp-image-52\" srcset=\"https:\/\/www.art-literie.fr\/wp-content\/uploads\/2026\/03\/unnamed-3.jpg 928w, https:\/\/www.art-literie.fr\/wp-content\/uploads\/2026\/03\/unnamed-3-242x300.jpg 242w, https:\/\/www.art-literie.fr\/wp-content\/uploads\/2026\/03\/unnamed-3-825x1024.jpg 825w, https:\/\/www.art-literie.fr\/wp-content\/uploads\/2026\/03\/unnamed-3-768x953.jpg 768w\" sizes=\"auto, (max-width: 928px) 100vw, 928px\" \/><\/figure>\n\n\n\n<h3 class=\"wp-block-heading\" style=\"margin-top:16px\">Convertibles &amp; fauteuils<\/h3>\n\n\n\n<p class=\"has-ast-global-color-8-color has-text-color has-link-color wp-elements-ba561ad9bb86a445f53c8875f7941502\">Nos convertibles et fauteuils de relaxation int\u00e8grent des m\u00e9caniques de haute pr\u00e9cision et un accueil ergonomique.<\/p>\n<\/div>\n\n\n\n<div class=\"wp-block-column is-layout-flow wp-container-core-column-is-layout-6b73ce23 wp-block-column-is-layout-flow\">\n<figure class=\"wp-block-image size-full\"><img loading=\"lazy\" decoding=\"async\" width=\"928\" height=\"1152\" src=\"https:\/\/www.art-literie.fr\/wp-content\/uploads\/2026\/03\/unnamed-4.jpg\" alt=\"\" class=\"wp-image-53\" srcset=\"https:\/\/www.art-literie.fr\/wp-content\/uploads\/2026\/03\/unnamed-4.jpg 928w, https:\/\/www.art-literie.fr\/wp-content\/uploads\/2026\/03\/unnamed-4-242x300.jpg 242w, https:\/\/www.art-literie.fr\/wp-content\/uploads\/2026\/03\/unnamed-4-825x1024.jpg 825w, https:\/\/www.art-literie.fr\/wp-content\/uploads\/2026\/03\/unnamed-4-768x953.jpg 768w\" sizes=\"auto, (max-width: 928px) 100vw, 928px\" \/><\/figure>\n\n\n\n<h3 class=\"wp-block-heading\" style=\"margin-top:16px\">Accessoires<\/h3>\n\n\n\n<p class=\"has-ast-global-color-8-color has-text-color has-link-color wp-elements-295d4fe4f5c22203f7ef29b2149a2fde\">Des oreillers ergonomiques, couettes thermor\u00e9gulatrices et protections de haute qualit\u00e9 pour parfaire votre soutien et garantir l&rsquo;hygi\u00e8ne.<\/p>\n<\/div>\n<\/div>\n<\/div>\n\n\n\n<div class=\"wp-block-group alignfull has-ast-global-color-5-background-color has-background is-layout-constrained wp-container-core-group-is-layout-ce498c02 wp-block-group-is-layout-constrained\" id=\"about\" style=\"padding-top:70px;padding-bottom:70px\">\n<div class=\"wp-block-media-text has-media-on-the-right is-stacked-on-mobile is-vertically-aligned-center\" style=\"grid-template-columns:auto 40%\"><div class=\"wp-block-media-text__content\">\n<div class=\"inherit-container-width wp-block-group is-layout-constrained wp-container-core-group-is-layout-47ce07ec wp-block-group-is-layout-constrained\" style=\"padding-right:80px\">\n<p><\/p>\n\n\n\n<h2 class=\"wp-block-heading alignfull\" style=\"padding-right:40px;font-size:38px\"><font dir=\"auto\" style=\"vertical-align: inherit;\"><font dir=\"auto\" style=\"vertical-align: inherit;\">Chez Art&rsquo;Literie<\/font><\/font><\/h2>\n\n\n\n<p>nous sommes convaincus <font dir=\"auto\" style=\"vertical-align: inherit;\"><font dir=\"auto\" style=\"vertical-align: inherit;\">qu&rsquo;un bon sommeil est essentiel pour la sant\u00e9, l&rsquo;\u00e9nergie et le bien-\u00eatre au quotidien. Pourtant, choisir une literie adapt\u00e9e n&rsquo;est pas toujours simple. Entre les diff\u00e9rents types de matelas, de sommiers et d&rsquo;oreillers, il est facile de s&rsquo;y perdre.C&rsquo;est pour cette raison qu&rsquo;Art&rsquo;Literie a \u00e9t\u00e9 cr\u00e9\u00e9 : vous accompagner avec des conseils clairs, honn\u00eates et professionnels pour trouver la literie qui correspond r\u00e9ellement \u00e0 vos besoins.<\/font><\/font><\/p>\n<\/div>\n<\/div><figure class=\"wp-block-media-text__media\"><img loading=\"lazy\" decoding=\"async\" width=\"960\" height=\"640\" src=\"http:\/\/www.art-literie.fr\/wp-content\/uploads\/2026\/03\/chiardiluna-materassi-superior.webp\" alt=\"\" class=\"wp-image-39 size-full\" srcset=\"https:\/\/www.art-literie.fr\/wp-content\/uploads\/2026\/03\/chiardiluna-materassi-superior.webp 960w, https:\/\/www.art-literie.fr\/wp-content\/uploads\/2026\/03\/chiardiluna-materassi-superior-300x200.webp 300w, https:\/\/www.art-literie.fr\/wp-content\/uploads\/2026\/03\/chiardiluna-materassi-superior-768x512.webp 768w\" sizes=\"auto, (max-width: 960px) 100vw, 960px\" \/><\/figure><\/div>\n<\/div>\n\n\n\n<div class=\"wp-block-group alignfull has-background is-layout-constrained wp-container-core-group-is-layout-bed71044 wp-block-group-is-layout-constrained\" id=\"reviews\" style=\"background-color:#a5e7db;padding-top:var(--wp--preset--spacing--60);padding-bottom:var(--wp--preset--spacing--60)\">\n<h2 class=\"wp-block-heading alignfull has-text-align-center\">Avis Clients<\/h2>\n\n\n\n<blockquote class=\"wp-block-quote is-layout-flow wp-block-quote-is-layout-flow\">\n<p class=\"has-text-align-center\" style=\"font-size:22px;line-height:1.6\"><mark style=\"background-color:#00000069\" class=\"has-inline-color has-ast-global-color-4-color\">\u00ab\u00a0C&rsquo;est d\u00e9j\u00e0 le deuxi\u00e8me matelas que j&rsquo;ach\u00e8te ici et je suis toujours ravie ! Matelas de tr\u00e8s bonne qualit\u00e9, service rapide et vendeur au top. En plus, il m&rsquo;a offert un petit cadeau, une attention qui fait vraiment plaisir. Je recommande sans h\u00e9siter !\u00a0\u00bb<\/mark><\/p>\n<\/blockquote>\n\n\n\n<p class=\"has-text-align-right\"><br><strong>Lindsay G<\/strong>.<\/p>\n\n\n\n<blockquote class=\"wp-block-quote is-layout-flow wp-block-quote-is-layout-flow\">\n<p class=\"has-text-align-center\"><mark style=\"background-color:#05050569\" class=\"has-inline-color has-ast-global-color-4-color\"><font dir=\"auto\" style=\"vertical-align: inherit;\"><font dir=\"auto\" style=\"vertical-align: inherit;\">Tr\u00e8s satisfaits de notre achat ce jour : <\/font><\/font><br><font dir=\"auto\" style=\"vertical-align: inherit;\"><font dir=\"auto\" style=\"vertical-align: inherit;\">Choix, qualit\u00e9 et prix tr\u00e8s correct. <\/font><\/font><br><font dir=\"auto\" style=\"vertical-align: inherit;\"><font dir=\"auto\" style=\"vertical-align: inherit;\">Livraison quasi imm\u00e9diate. Mise en place. <\/font><\/font><br><font dir=\"auto\" style=\"vertical-align: inherit;\"><font dir=\"auto\" style=\"vertical-align: inherit;\">On a choisi un sommier et un matelas en 160 pour remplacer un 140. L&rsquo;ensemble est vraiment confortable et correspond tout \u00e0 fait \u00e0 la description faite par la soci\u00e9t\u00e9 Art&rsquo;Literie Bastia. <\/font><\/font><br><font dir=\"auto\" style=\"vertical-align: inherit;\"><font dir=\"auto\" style=\"vertical-align: inherit;\">Ce couchage fait penser \u00e0 la belle literie h\u00f4teli\u00e8re, c&rsquo;est exactement ce qu&rsquo;on cherchait. <\/font><\/font><br><font dir=\"auto\" style=\"vertical-align: inherit;\"><font dir=\"auto\" style=\"vertical-align: inherit;\">Nous gardons pr\u00e9cieusement les coordonn\u00e9es pour un prochain achat.<\/font><\/font><\/mark><\/p>\n<\/blockquote>\n\n\n\n<p class=\"has-text-align-right\"><strong>Thomas<\/strong> B.<\/p>\n\n\n\n<div class=\"wp-block-buttons is-content-justification-center is-layout-flex wp-container-core-buttons-is-layout-749adb30 wp-block-buttons-is-layout-flex\">\n<div class=\"wp-block-button is-style-fill\"><a class=\"wp-block-button__link has-text-align-left wp-element-button\" href=\"https:\/\/share.google\/SwMbllvt8yZH54nyq\">Voir tous les avis<strong><mark style=\"background-color:#000000;color:#ffffff\" class=\"has-inline-color\"> <\/mark><\/strong><\/a><\/div>\n<\/div>\n<\/div>\n\n\n\n<div class=\"wp-block-group alignfull has-background is-layout-constrained wp-container-core-group-is-layout-ce498c02 wp-block-group-is-layout-constrained\" id=\"whyus\" style=\"background-color:#f2f0fe;padding-top:70px;padding-bottom:70px\">\n<h2 class=\"wp-block-heading\">Pourquoi nous faire confiance ?<\/h2>\n\n\n\n<div class=\"wp-block-columns is-layout-flex wp-container-core-columns-is-layout-29aadeec wp-block-columns-is-layout-flex\" style=\"margin-top:60px\">\n<div class=\"wp-block-column is-layout-flow wp-container-core-column-is-layout-6b73ce23 wp-block-column-is-layout-flow\">\n<figure class=\"wp-block-image size-large\"><img decoding=\"async\" src=\"https:\/\/www.art-literie.fr\/wp-content\/themes\/astra\/inc\/assets\/images\/starter-content\/passionate.svg\" alt=\"\" class=\"wp-image-162\"\/><\/figure>\n\n\n\n<h3 class=\"wp-block-heading\" style=\"margin-top:16px\">Qualit\u00e9 irr\u00e9prochable<\/h3>\n\n\n\n<p>Nous s\u00e9lectionnons rigoureusement les mat\u00e9riaux les plus nobles pour vous offrir un confort durable et un sommeil optimal.<\/p>\n<\/div>\n\n\n\n<div class=\"wp-block-column is-layout-flow wp-container-core-column-is-layout-6b73ce23 wp-block-column-is-layout-flow\">\n<figure class=\"wp-block-image size-large\"><img decoding=\"async\" src=\"https:\/\/www.art-literie.fr\/wp-content\/themes\/astra\/inc\/assets\/images\/starter-content\/professional.svg\" alt=\"\" class=\"wp-image-163\"\/><\/figure>\n\n\n\n<h3 class=\"wp-block-heading\" style=\"margin-top:16px\">Conseils d&rsquo;experts<\/h3>\n\n\n\n<div class=\"wp-block-group is-nowrap is-layout-flex wp-container-core-group-is-layout-6c531013 wp-block-group-is-layout-flex\">\n<p>Notre \u00e9quipe de sp\u00e9cialistes de la literie est \u00e0 votre \u00e9coute pour vous guider dans votre choix et vous aider \u00e0 trouver le matelas id\u00e9al.<\/p>\n<\/div>\n<\/div>\n\n\n\n<div class=\"wp-block-column is-layout-flow wp-container-core-column-is-layout-6b73ce23 wp-block-column-is-layout-flow\">\n<figure class=\"wp-block-image size-large\"><img decoding=\"async\" src=\"https:\/\/www.art-literie.fr\/wp-content\/themes\/astra\/inc\/assets\/images\/starter-content\/support.svg\" alt=\"\" class=\"wp-image-164\"\/><\/figure>\n\n\n\n<h3 class=\"wp-block-heading\" style=\"margin-top:16px\">Garantie<\/h3>\n\n\n\n<p>Art Literie vous offre une garantie sur tous ses produits et un service apr\u00e8s-vente r\u00e9actif pour vous assurer une tranquillit\u00e9 d&rsquo;esprit totale.<\/p>\n<\/div>\n<\/div>\n<\/div>\n\n\n\n<div class=\"wp-block-group alignfull has-background is-layout-constrained wp-container-core-group-is-layout-cf2f7a4e wp-block-group-is-layout-constrained\" id=\"about\" style=\"background-color:#a5e7db;padding-top:70px;padding-bottom:144px\">\n<h2 class=\"wp-block-heading\">Nos fournisseurs<\/h2>\n\n\n\n<div class=\"wp-block-group is-nowrap is-layout-flex wp-container-core-group-is-layout-6c531013 wp-block-group-is-layout-flex\">\n<p>Retrouvez nos fournisseurs hauts de gamme comme Gomarco &amp; Chiardiluna pour les ensembles de literie (matelas et sommier). Anne de Sol\u00e8ne &amp; Drouault pour le linge de lit et bien plus encore.<\/p>\n\n\n\n<figure class=\"wp-block-image size-large\"><img loading=\"lazy\" decoding=\"async\" width=\"1024\" height=\"557\" src=\"http:\/\/www.art-literie.fr\/wp-content\/uploads\/2026\/03\/Capture-decran-2026-03-24-a-14.48.08-1024x557.png\" alt=\"\" class=\"wp-image-171\" srcset=\"https:\/\/www.art-literie.fr\/wp-content\/uploads\/2026\/03\/Capture-decran-2026-03-24-a-14.48.08-1024x557.png 1024w, https:\/\/www.art-literie.fr\/wp-content\/uploads\/2026\/03\/Capture-decran-2026-03-24-a-14.48.08-300x163.png 300w, https:\/\/www.art-literie.fr\/wp-content\/uploads\/2026\/03\/Capture-decran-2026-03-24-a-14.48.08-768x417.png 768w, https:\/\/www.art-literie.fr\/wp-content\/uploads\/2026\/03\/Capture-decran-2026-03-24-a-14.48.08.png 1468w\" sizes=\"auto, (max-width: 1024px) 100vw, 1024px\" \/><\/figure>\n<\/div>\n<\/div>\n\n\n\n<div class=\"wp-block-group alignfull has-background is-layout-constrained wp-container-core-group-is-layout-ce498c02 wp-block-group-is-layout-constrained\" id=\"whyus\" style=\"background-color:#f2f0fe;padding-top:70px;padding-bottom:70px\">\n<h2 class=\"wp-block-heading\" style=\"font-size:43px\">Les offres du moment ! <\/h2>\n\n\n\n<div class=\"wp-block-columns is-layout-flex wp-container-core-columns-is-layout-29aadeec wp-block-columns-is-layout-flex\" style=\"margin-top:60px\">\n<div class=\"wp-block-column is-layout-flow wp-container-core-column-is-layout-6b73ce23 wp-block-column-is-layout-flow\">\n<figure class=\"wp-block-image size-full\"><img loading=\"lazy\" decoding=\"async\" width=\"1024\" height=\"1024\" src=\"http:\/\/www.art-literie.fr\/wp-content\/uploads\/2026\/03\/1.jpg\" alt=\"\" class=\"wp-image-112\" srcset=\"https:\/\/www.art-literie.fr\/wp-content\/uploads\/2026\/03\/1.jpg 1024w, https:\/\/www.art-literie.fr\/wp-content\/uploads\/2026\/03\/1-300x300.jpg 300w, https:\/\/www.art-literie.fr\/wp-content\/uploads\/2026\/03\/1-150x150.jpg 150w, https:\/\/www.art-literie.fr\/wp-content\/uploads\/2026\/03\/1-768x768.jpg 768w\" sizes=\"auto, (max-width: 1024px) 100vw, 1024px\" \/><\/figure>\n<\/div>\n\n\n\n<div class=\"wp-block-column is-layout-flow wp-container-core-column-is-layout-6b73ce23 wp-block-column-is-layout-flow\">\n<figure class=\"wp-block-image size-full\"><img loading=\"lazy\" decoding=\"async\" width=\"1024\" height=\"1024\" src=\"http:\/\/www.art-literie.fr\/wp-content\/uploads\/2026\/03\/2.jpg\" alt=\"\" class=\"wp-image-111\" srcset=\"https:\/\/www.art-literie.fr\/wp-content\/uploads\/2026\/03\/2.jpg 1024w, https:\/\/www.art-literie.fr\/wp-content\/uploads\/2026\/03\/2-300x300.jpg 300w, https:\/\/www.art-literie.fr\/wp-content\/uploads\/2026\/03\/2-150x150.jpg 150w, https:\/\/www.art-literie.fr\/wp-content\/uploads\/2026\/03\/2-768x768.jpg 768w\" sizes=\"auto, (max-width: 1024px) 100vw, 1024px\" \/><\/figure>\n<\/div>\n\n\n\n<div class=\"wp-block-column is-layout-flow wp-container-core-column-is-layout-6b73ce23 wp-block-column-is-layout-flow\">\n<figure class=\"wp-block-image size-full\"><img loading=\"lazy\" decoding=\"async\" width=\"1024\" height=\"1024\" src=\"http:\/\/www.art-literie.fr\/wp-content\/uploads\/2026\/03\/3.jpg\" alt=\"\" class=\"wp-image-110\" srcset=\"https:\/\/www.art-literie.fr\/wp-content\/uploads\/2026\/03\/3.jpg 1024w, https:\/\/www.art-literie.fr\/wp-content\/uploads\/2026\/03\/3-300x300.jpg 300w, https:\/\/www.art-literie.fr\/wp-content\/uploads\/2026\/03\/3-150x150.jpg 150w, https:\/\/www.art-literie.fr\/wp-content\/uploads\/2026\/03\/3-768x768.jpg 768w\" sizes=\"auto, (max-width: 1024px) 100vw, 1024px\" \/><\/figure>\n<\/div>\n<\/div>\n<\/div>\n\n\n\n<div class=\"wp-block-group alignfull has-background is-layout-constrained wp-container-core-group-is-layout-cfcca693 wp-block-group-is-layout-constrained\" id=\"contact\" style=\"background:linear-gradient(135deg,rgb(64,250,250) 0%,rgb(182,227,212) 52%,rgb(64,250,250) 100%);padding-top:104px;padding-bottom:104px\">\n<h2 class=\"wp-block-heading has-text-align-center has-ast-global-color-8-color has-text-color\"><font dir=\"auto\" style=\"vertical-align: inherit;\"><font dir=\"auto\" style=\"vertical-align: inherit;\">Appelez-nous au <\/font><\/font><br><font dir=\"auto\" style=\"vertical-align: inherit;\"><font dir=\"auto\" style=\"vertical-align: inherit;\">06 58 69 76 04<\/font><\/font><\/h2>\n\n\n\n<div class=\"wp-block-buttons alignwide is-horizontal is-content-justification-center is-layout-flex wp-container-core-buttons-is-layout-bba8380a wp-block-buttons-is-layout-flex\" style=\"margin-top:50px\">\n<div class=\"wp-block-button\"><a class=\"wp-block-button__link wp-element-button\" href=\"https:\/\/tally.so\/r\/wd5djd\">Diagnostic en ligne<\/a><\/div>\n<\/div>\n<\/div>\n","protected":false},"excerpt":{"rendered":"<p>Bastia Bas\u00e9 \u00e0 Bastia, nous accompagnons nos clients partout en France avec des solutions pour un sommeil optimal Livraison maitris\u00e9e [&hellip;]<\/p>\n","protected":false},"author":1,"featured_media":0,"parent":0,"menu_order":0,"comment_status":"closed","ping_status":"closed","template":"","meta":{"site-sidebar-layout":"no-sidebar","site-content-layout":"plain-container","ast-site-content-layout":"default","site-content-style":"default","site-sidebar-style":"default","ast-global-header-display":"","ast-banner-title-visibility":"","ast-main-header-display":"","ast-hfb-above-header-display":"","ast-hfb-below-header-display":"","ast-hfb-mobile-header-display":"","site-post-title":"disabled","ast-breadcrumbs-content":"","ast-featured-img":"","footer-sml-layout":"","ast-disable-related-posts":"","theme-transparent-header-meta":"enabled","adv-header-id-meta":"","stick-header-meta":"","header-above-stick-meta":"","header-main-stick-meta":"","header-below-stick-meta":"","astra-migrate-meta-layouts":"default","ast-page-background-enabled":"default","ast-page-background-meta":{"desktop":{"background-color":"var(--ast-global-color-5)","background-image":"","background-repeat":"repeat","background-position":"center center","background-size":"auto","background-attachment":"scroll","background-type":"","background-media":"","overlay-type":"","overlay-color":"","overlay-opacity":"","overlay-gradient":""},"tablet":{"background-color":"","background-image":"","background-repeat":"repeat","background-position":"center center","background-size":"auto","background-attachment":"scroll","background-type":"","background-media":"","overlay-type":"","overlay-color":"","overlay-opacity":"","overlay-gradient":""},"mobile":{"background-color":"","background-image":"","background-repeat":"repeat","background-position":"center center","background-size":"auto","background-attachment":"scroll","background-type":"","background-media":"","overlay-type":"","overlay-color":"","overlay-opacity":"","overlay-gradient":""}},"ast-content-background-meta":{"desktop":{"background-color":"var(--ast-global-color-4)","background-image":"","background-repeat":"repeat","background-position":"center center","background-size":"auto","background-attachment":"scroll","background-type":"","background-media":"","overlay-type":"","overlay-color":"","overlay-opacity":"","overlay-gradient":""},"tablet":{"background-color":"var(--ast-global-color-4)","background-image":"","background-repeat":"repeat","background-position":"center center","background-size":"auto","background-attachment":"scroll","background-type":"","background-media":"","overlay-type":"","overlay-color":"","overlay-opacity":"","overlay-gradient":""},"mobile":{"background-color":"var(--ast-global-color-4)","background-image":"","background-repeat":"repeat","background-position":"center center","background-size":"auto","background-attachment":"scroll","background-type":"","background-media":"","overlay-type":"","overlay-color":"","overlay-opacity":"","overlay-gradient":""}},"_kadence_starter_templates_imported_post":false,"footnotes":""},"class_list":["post-7","page","type-page","status-publish","hentry"],"_links":{"self":[{"href":"https:\/\/www.art-literie.fr\/index.php\/wp-json\/wp\/v2\/pages\/7","targetHints":{"allow":["GET"]}}],"collection":[{"href":"https:\/\/www.art-literie.fr\/index.php\/wp-json\/wp\/v2\/pages"}],"about":[{"href":"https:\/\/www.art-literie.fr\/index.php\/wp-json\/wp\/v2\/types\/page"}],"author":[{"embeddable":true,"href":"https:\/\/www.art-literie.fr\/index.php\/wp-json\/wp\/v2\/users\/1"}],"replies":[{"embeddable":true,"href":"https:\/\/www.art-literie.fr\/index.php\/wp-json\/wp\/v2\/comments?post=7"}],"version-history":[{"count":80,"href":"https:\/\/www.art-literie.fr\/index.php\/wp-json\/wp\/v2\/pages\/7\/revisions"}],"predecessor-version":[{"id":190,"href":"https:\/\/www.art-literie.fr\/index.php\/wp-json\/wp\/v2\/pages\/7\/revisions\/190"}],"wp:attachment":[{"href":"https:\/\/www.art-literie.fr\/index.php\/wp-json\/wp\/v2\/media?parent=7"}],"curies":[{"name":"wp","href":"https:\/\/api.w.org\/{rel}","templated":true}]}}